{"id":965,"date":"2023-05-10T18:22:26","date_gmt":"2023-05-10T21:22:26","guid":{"rendered":"https:\/\/diegosend.com\/?page_id=965"},"modified":"2023-05-11T11:44:27","modified_gmt":"2023-05-11T14:44:27","slug":"marketplace-de-empregos","status":"publish","type":"page","link":"https:\/\/diegosend.com\/index.php\/marketplace-de-empregos\/","title":{"rendered":"Marketplace de empregos"},"content":{"rendered":"\t\t<div data-elementor-type=\"wp-page\" data-elementor-id=\"965\" class=\"elementor elementor-965\">\n\t\t\t\t<div class=\"elementor-element elementor-element-0f59cfe e-flex e-con-boxed e-con e-parent\" data-id=\"0f59cfe\" data-element_type=\"container\" data-settings=\"{&quot;background_background&quot;:&quot;classic&quot;}\">\n\t\t\t\t\t<div class=\"e-con-inner\">\n\t\t<div class=\"elementor-element elementor-element-28ec4a7 e-con-full e-flex e-con e-parent\" data-id=\"28ec4a7\" data-element_type=\"container\">\n\t\t\t\t<div class=\"elementor-element elementor-element-18ea2a5 elementor-widget__width-initial elementor-hidden-mobile exad-sticky-section-no exad-glass-effect-no elementor-widget elementor-widget-image\" data-id=\"18ea2a5\" data-element_type=\"widget\" data-widget_type=\"image.default\">\n\t\t\t\t<div class=\"elementor-widget-container\">\n\t\t\t\t\t\t\t\t\t\t\t\t\t\t<a href=\"http:\/\/diegosend.com\/wp-content\/uploads\/2023\/05\/29.png\" data-elementor-open-lightbox=\"yes\" data-elementor-lightbox-title=\"Responsivo\" data-e-action-hash=\"#elementor-action%3Aaction%3Dlightbox%26settings%3DeyJpZCI6MjU1LCJ1cmwiOiJodHRwczpcL1wvZGllZ29zZW5kLmNvbVwvd3AtY29udGVudFwvdXBsb2Fkc1wvMjAyM1wvMDVcLzI5LnBuZyJ9\">\n\t\t\t\t\t\t\t<img fetchpriority=\"high\" decoding=\"async\" width=\"788\" height=\"630\" src=\"https:\/\/diegosend.com\/wp-content\/uploads\/2023\/05\/29.png\" class=\"attachment-full size-full wp-image-255\" alt=\"\" srcset=\"https:\/\/diegosend.com\/wp-content\/uploads\/2023\/05\/29.png 788w, https:\/\/diegosend.com\/wp-content\/uploads\/2023\/05\/29-300x240.png 300w, https:\/\/diegosend.com\/wp-content\/uploads\/2023\/05\/29-768x614.png 768w, https:\/\/diegosend.com\/wp-content\/uploads\/2023\/05\/29-600x480.png 600w\" sizes=\"(max-width: 788px) 100vw, 788px\" \/>\t\t\t\t\t\t\t\t<\/a>\n\t\t\t\t\t\t\t\t\t\t\t\t\t<\/div>\n\t\t\t\t<\/div>\n\t\t\t\t<div class=\"elementor-element elementor-element-1807ac5 elementor-widget__width-initial elementor-hidden-mobile exad-sticky-section-no exad-glass-effect-no elementor-widget elementor-widget-image-gallery\" data-id=\"1807ac5\" data-element_type=\"widget\" data-widget_type=\"image-gallery.default\">\n\t\t\t\t<div class=\"elementor-widget-container\">\n\t\t\t\t\t<div class=\"elementor-image-gallery\">\n\t\t\t<div id='gallery-1' class='gallery galleryid-965 gallery-columns-3 gallery-size-thumbnail'><figure class='gallery-item'>\n\t\t\t<div class='gallery-icon landscape'>\n\t\t\t\t<a data-elementor-open-lightbox=\"yes\" data-elementor-lightbox-slideshow=\"1807ac5\" data-elementor-lightbox-title=\"Responsivo\" data-e-action-hash=\"#elementor-action%3Aaction%3Dlightbox%26settings%3DeyJpZCI6MjU1LCJ1cmwiOiJodHRwczpcL1wvZGllZ29zZW5kLmNvbVwvd3AtY29udGVudFwvdXBsb2Fkc1wvMjAyM1wvMDVcLzI5LnBuZyIsInNsaWRlc2hvdyI6IjE4MDdhYzUifQ%3D%3D\" href='https:\/\/diegosend.com\/wp-content\/uploads\/2023\/05\/29.png'><img decoding=\"async\" width=\"150\" height=\"150\" src=\"https:\/\/diegosend.com\/wp-content\/uploads\/2023\/05\/29-150x150.png\" class=\"attachment-thumbnail size-thumbnail\" alt=\"\" srcset=\"https:\/\/diegosend.com\/wp-content\/uploads\/2023\/05\/29-150x150.png 150w, https:\/\/diegosend.com\/wp-content\/uploads\/2023\/05\/29-230x230.png 230w, https:\/\/diegosend.com\/wp-content\/uploads\/2023\/05\/29-400x400.png 400w\" sizes=\"(max-width: 150px) 100vw, 150px\" \/><\/a>\n\t\t\t<\/div><\/figure><figure class='gallery-item'>\n\t\t\t<div class='gallery-icon landscape'>\n\t\t\t\t<a data-elementor-open-lightbox=\"yes\" data-elementor-lightbox-slideshow=\"1807ac5\" data-elementor-lightbox-title=\"Mobile\" data-e-action-hash=\"#elementor-action%3Aaction%3Dlightbox%26settings%3DeyJpZCI6Mjg5LCJ1cmwiOiJodHRwczpcL1wvZGllZ29zZW5kLmNvbVwvd3AtY29udGVudFwvdXBsb2Fkc1wvMjAyM1wvMDVcLzMyLnBuZyIsInNsaWRlc2hvdyI6IjE4MDdhYzUifQ%3D%3D\" href='https:\/\/diegosend.com\/wp-content\/uploads\/2023\/05\/32.png'><img decoding=\"async\" width=\"150\" height=\"150\" src=\"https:\/\/diegosend.com\/wp-content\/uploads\/2023\/05\/32-150x150.png\" class=\"attachment-thumbnail size-thumbnail\" alt=\"\" srcset=\"https:\/\/diegosend.com\/wp-content\/uploads\/2023\/05\/32-150x150.png 150w, https:\/\/diegosend.com\/wp-content\/uploads\/2023\/05\/32-230x230.png 230w, https:\/\/diegosend.com\/wp-content\/uploads\/2023\/05\/32-400x400.png 400w, https:\/\/diegosend.com\/wp-content\/uploads\/2023\/05\/32-640x640.png 640w\" sizes=\"(max-width: 150px) 100vw, 150px\" \/><\/a>\n\t\t\t<\/div><\/figure><figure class='gallery-item'>\n\t\t\t<div class='gallery-icon landscape'>\n\t\t\t\t<a data-elementor-open-lightbox=\"yes\" data-elementor-lightbox-slideshow=\"1807ac5\" data-elementor-lightbox-title=\"Tablet\" data-e-action-hash=\"#elementor-action%3Aaction%3Dlightbox%26settings%3DeyJpZCI6MjkwLCJ1cmwiOiJodHRwczpcL1wvZGllZ29zZW5kLmNvbVwvd3AtY29udGVudFwvdXBsb2Fkc1wvMjAyM1wvMDVcLzM1LnBuZyIsInNsaWRlc2hvdyI6IjE4MDdhYzUifQ%3D%3D\" href='https:\/\/diegosend.com\/wp-content\/uploads\/2023\/05\/35.png'><img loading=\"lazy\" decoding=\"async\" width=\"150\" height=\"150\" src=\"https:\/\/diegosend.com\/wp-content\/uploads\/2023\/05\/35-150x150.png\" class=\"attachment-thumbnail size-thumbnail\" alt=\"\" srcset=\"https:\/\/diegosend.com\/wp-content\/uploads\/2023\/05\/35-150x150.png 150w, https:\/\/diegosend.com\/wp-content\/uploads\/2023\/05\/35-230x230.png 230w, https:\/\/diegosend.com\/wp-content\/uploads\/2023\/05\/35-400x400.png 400w, https:\/\/diegosend.com\/wp-content\/uploads\/2023\/05\/35-640x640.png 640w\" sizes=\"(max-width: 150px) 100vw, 150px\" \/><\/a>\n\t\t\t<\/div><\/figure>\n\t\t<\/div>\n\t\t<\/div>\n\t\t\t\t<\/div>\n\t\t\t\t<\/div>\n\t\t\t\t<div class=\"elementor-element elementor-element-ca6fb79 elementor-widget__width-initial elementor-hidden-desktop elementor-hidden-tablet gallery-spacing-custom exad-sticky-section-no exad-glass-effect-no elementor-widget elementor-widget-image-gallery\" data-id=\"ca6fb79\" data-element_type=\"widget\" data-widget_type=\"image-gallery.default\">\n\t\t\t\t<div class=\"elementor-widget-container\">\n\t\t\t\t\t<div class=\"elementor-image-gallery\">\n\t\t\t<div id='gallery-2' class='gallery galleryid-965 gallery-columns-1 gallery-size-thumbnail'><figure class='gallery-item'>\n\t\t\t<div class='gallery-icon landscape'>\n\t\t\t\t<a data-elementor-open-lightbox=\"yes\" data-elementor-lightbox-slideshow=\"ca6fb79\" data-elementor-lightbox-title=\"Responsivo\" data-e-action-hash=\"#elementor-action%3Aaction%3Dlightbox%26settings%3DeyJpZCI6MjU1LCJ1cmwiOiJodHRwczpcL1wvZGllZ29zZW5kLmNvbVwvd3AtY29udGVudFwvdXBsb2Fkc1wvMjAyM1wvMDVcLzI5LnBuZyIsInNsaWRlc2hvdyI6ImNhNmZiNzkifQ%3D%3D\" href='https:\/\/diegosend.com\/wp-content\/uploads\/2023\/05\/29.png'><img decoding=\"async\" width=\"150\" height=\"150\" src=\"https:\/\/diegosend.com\/wp-content\/uploads\/2023\/05\/29-150x150.png\" class=\"attachment-thumbnail size-thumbnail\" alt=\"\" srcset=\"https:\/\/diegosend.com\/wp-content\/uploads\/2023\/05\/29-150x150.png 150w, https:\/\/diegosend.com\/wp-content\/uploads\/2023\/05\/29-230x230.png 230w, https:\/\/diegosend.com\/wp-content\/uploads\/2023\/05\/29-400x400.png 400w\" sizes=\"(max-width: 150px) 100vw, 150px\" \/><\/a>\n\t\t\t<\/div><\/figure><figure class='gallery-item'>\n\t\t\t<div class='gallery-icon landscape'>\n\t\t\t\t<a data-elementor-open-lightbox=\"yes\" data-elementor-lightbox-slideshow=\"ca6fb79\" data-elementor-lightbox-title=\"Mobile\" data-e-action-hash=\"#elementor-action%3Aaction%3Dlightbox%26settings%3DeyJpZCI6Mjg5LCJ1cmwiOiJodHRwczpcL1wvZGllZ29zZW5kLmNvbVwvd3AtY29udGVudFwvdXBsb2Fkc1wvMjAyM1wvMDVcLzMyLnBuZyIsInNsaWRlc2hvdyI6ImNhNmZiNzkifQ%3D%3D\" href='https:\/\/diegosend.com\/wp-content\/uploads\/2023\/05\/32.png'><img decoding=\"async\" width=\"150\" height=\"150\" src=\"https:\/\/diegosend.com\/wp-content\/uploads\/2023\/05\/32-150x150.png\" class=\"attachment-thumbnail size-thumbnail\" alt=\"\" srcset=\"https:\/\/diegosend.com\/wp-content\/uploads\/2023\/05\/32-150x150.png 150w, https:\/\/diegosend.com\/wp-content\/uploads\/2023\/05\/32-230x230.png 230w, https:\/\/diegosend.com\/wp-content\/uploads\/2023\/05\/32-400x400.png 400w, https:\/\/diegosend.com\/wp-content\/uploads\/2023\/05\/32-640x640.png 640w\" sizes=\"(max-width: 150px) 100vw, 150px\" \/><\/a>\n\t\t\t<\/div><\/figure><figure class='gallery-item'>\n\t\t\t<div class='gallery-icon landscape'>\n\t\t\t\t<a data-elementor-open-lightbox=\"yes\" data-elementor-lightbox-slideshow=\"ca6fb79\" data-elementor-lightbox-title=\"Tablet\" data-e-action-hash=\"#elementor-action%3Aaction%3Dlightbox%26settings%3DeyJpZCI6MjkwLCJ1cmwiOiJodHRwczpcL1wvZGllZ29zZW5kLmNvbVwvd3AtY29udGVudFwvdXBsb2Fkc1wvMjAyM1wvMDVcLzM1LnBuZyIsInNsaWRlc2hvdyI6ImNhNmZiNzkifQ%3D%3D\" href='https:\/\/diegosend.com\/wp-content\/uploads\/2023\/05\/35.png'><img loading=\"lazy\" decoding=\"async\" width=\"150\" height=\"150\" src=\"https:\/\/diegosend.com\/wp-content\/uploads\/2023\/05\/35-150x150.png\" class=\"attachment-thumbnail size-thumbnail\" alt=\"\" srcset=\"https:\/\/diegosend.com\/wp-content\/uploads\/2023\/05\/35-150x150.png 150w, https:\/\/diegosend.com\/wp-content\/uploads\/2023\/05\/35-230x230.png 230w, https:\/\/diegosend.com\/wp-content\/uploads\/2023\/05\/35-400x400.png 400w, https:\/\/diegosend.com\/wp-content\/uploads\/2023\/05\/35-640x640.png 640w\" sizes=\"(max-width: 150px) 100vw, 150px\" \/><\/a>\n\t\t\t<\/div><\/figure>\n\t\t<\/div>\n\t\t<\/div>\n\t\t\t\t<\/div>\n\t\t\t\t<\/div>\n\t\t\t\t<div class=\"elementor-element elementor-element-0289ef6 elementor-align-center e-transform exad-sticky-section-no exad-glass-effect-no elementor-widget elementor-widget-button\" data-id=\"0289ef6\" data-element_type=\"widget\" data-settings=\"{&quot;_transform_scale_effect_hover&quot;:{&quot;unit&quot;:&quot;px&quot;,&quot;size&quot;:1.1,&quot;sizes&quot;:[]},&quot;_transform_scale_effect_hover_tablet&quot;:{&quot;unit&quot;:&quot;px&quot;,&quot;size&quot;:&quot;&quot;,&quot;sizes&quot;:[]},&quot;_transform_scale_effect_hover_mobile&quot;:{&quot;unit&quot;:&quot;px&quot;,&quot;size&quot;:&quot;&quot;,&quot;sizes&quot;:[]}}\" data-widget_type=\"button.default\">\n\t\t\t\t<div class=\"elementor-widget-container\">\n\t\t\t\t\t\t\t<div class=\"elementor-button-wrapper\">\n\t\t\t\t\t<a class=\"elementor-button elementor-button-link elementor-size-xs\" href=\"https:\/\/portemp.bubbleapps.io\/version-test\/\" target=\"_blank\">\n\t\t\t\t\t\t<span class=\"elementor-button-content-wrapper\">\n\t\t\t\t\t\t\t\t\t<span class=\"elementor-button-text\">ACESSAR DEMO<\/span>\n\t\t\t\t\t<\/span>\n\t\t\t\t\t<\/a>\n\t\t\t\t<\/div>\n\t\t\t\t\t\t<\/div>\n\t\t\t\t<\/div>\n\t\t\t\t<\/div>\n\t\t<div class=\"elementor-element elementor-element-98c1ea4 e-flex e-con-boxed e-con e-parent\" data-id=\"98c1ea4\" data-element_type=\"container\">\n\t\t\t\t\t<div class=\"e-con-inner\">\n\t\t\t\t<div class=\"elementor-element elementor-element-846d5ed exad-sticky-section-no exad-glass-effect-no elementor-widget elementor-widget-heading\" data-id=\"846d5ed\" data-element_type=\"widget\" data-widget_type=\"heading.default\">\n\t\t\t\t<div class=\"elementor-widget-container\">\n\t\t\t<h2 class=\"elementor-heading-title elementor-size-default\">MARKETPLACE DE EMPREGOS<\/h2>\t\t<\/div>\n\t\t\t\t<\/div>\n\t\t\t\t<div class=\"elementor-element elementor-element-f83eebc elementor-hidden-mobile exad-sticky-section-no exad-glass-effect-no elementor-widget elementor-widget-text-editor\" data-id=\"f83eebc\" data-element_type=\"widget\" data-widget_type=\"text-editor.default\">\n\t\t\t\t<div class=\"elementor-widget-container\">\n\t\t\t\t\t\t\t<p>Usu\u00e1rios em busca de emprego encontram vagas de acordo com suas habilidades. Usu\u00e1rios empresas podem selecionar candidatos de acordo com as caracter\u00edsticas desejadas para preencher a vaga.<\/p>\t\t\t\t\t\t<\/div>\n\t\t\t\t<\/div>\n\t\t\t\t<div class=\"elementor-element elementor-element-ebdf172 elementor-hidden-desktop elementor-hidden-tablet exad-sticky-section-no exad-glass-effect-no elementor-widget elementor-widget-text-editor\" data-id=\"ebdf172\" data-element_type=\"widget\" data-widget_type=\"text-editor.default\">\n\t\t\t\t<div class=\"elementor-widget-container\">\n\t\t\t\t\t\t\t<p style=\"text-align: center;\">Usu\u00e1rios em busca de emprego encontram vagas de acordo com suas habilidades. Usu\u00e1rios empresas podem selecionar candidatos de acordo com as caracter\u00edsticas desejadas para preencher a vaga.<\/p>\t\t\t\t\t\t<\/div>\n\t\t\t\t<\/div>\n\t\t<div class=\"elementor-element elementor-element-f00c11c e-flex e-con-boxed e-con e-parent\" data-id=\"f00c11c\" data-element_type=\"container\">\n\t\t\t\t\t<div class=\"e-con-inner\">\n\t\t\t\t<div class=\"elementor-element elementor-element-545afe9 elementor-widget__width-initial elementor-widget-mobile__width-initial elementor-widget-tablet__width-initial exad-sticky-section-no exad-glass-effect-no elementor-widget elementor-widget-heading\" data-id=\"545afe9\" data-element_type=\"widget\" data-widget_type=\"heading.default\">\n\t\t\t\t<div class=\"elementor-widget-container\">\n\t\t\t<h2 class=\"elementor-heading-title elementor-size-default\">Marketplace<\/h2>\t\t<\/div>\n\t\t\t\t<\/div>\n\t\t\t\t<div class=\"elementor-element elementor-element-8a3c2a5 elementor-widget__width-initial elementor-widget-mobile__width-initial elementor-widget-tablet__width-initial exad-sticky-section-no exad-glass-effect-no elementor-widget elementor-widget-heading\" data-id=\"8a3c2a5\" data-element_type=\"widget\" data-widget_type=\"heading.default\">\n\t\t\t\t<div class=\"elementor-widget-container\">\n\t\t\t<h2 class=\"elementor-heading-title elementor-size-default\">Filtro de buscas<\/h2>\t\t<\/div>\n\t\t\t\t<\/div>\n\t\t\t\t<div class=\"elementor-element elementor-element-9c24688 elementor-widget__width-initial elementor-widget-mobile__width-initial elementor-widget-tablet__width-initial exad-sticky-section-no exad-glass-effect-no elementor-widget elementor-widget-heading\" data-id=\"9c24688\" data-element_type=\"widget\" data-widget_type=\"heading.default\">\n\t\t\t\t<div class=\"elementor-widget-container\">\n\t\t\t<h2 class=\"elementor-heading-title elementor-size-default\">Painel Gerencial<\/h2>\t\t<\/div>\n\t\t\t\t<\/div>\n\t\t\t\t<div class=\"elementor-element elementor-element-3e21bc5 elementor-widget__width-initial elementor-widget-mobile__width-initial elementor-widget-tablet__width-initial exad-sticky-section-no exad-glass-effect-no elementor-widget elementor-widget-heading\" data-id=\"3e21bc5\" data-element_type=\"widget\" data-widget_type=\"heading.default\">\n\t\t\t\t<div class=\"elementor-widget-container\">\n\t\t\t<h2 class=\"elementor-heading-title elementor-size-default\">Pagamentos<\/h2>\t\t<\/div>\n\t\t\t\t<\/div>\n\t\t\t\t<div class=\"elementor-element elementor-element-c68aa2c elementor-widget__width-initial elementor-widget-mobile__width-initial elementor-widget-tablet__width-initial exad-sticky-section-no exad-glass-effect-no elementor-widget elementor-widget-heading\" data-id=\"c68aa2c\" data-element_type=\"widget\" data-widget_type=\"heading.default\">\n\t\t\t\t<div class=\"elementor-widget-container\">\n\t\t\t<h2 class=\"elementor-heading-title elementor-size-default\">Responsividade<\/h2>\t\t<\/div>\n\t\t\t\t<\/div>\n\t\t\t\t\t<\/div>\n\t\t\t\t<\/div>\n\t\t\t\t<div class=\"elementor-element elementor-element-8b6eb62 elementor-hidden-mobile exad-sticky-section-no exad-glass-effect-no elementor-widget elementor-widget-text-editor\" data-id=\"8b6eb62\" data-element_type=\"widget\" data-widget_type=\"text-editor.default\">\n\t\t\t\t<div class=\"elementor-widget-container\">\n\t\t\t\t\t\t\t<p>Plataforma desenvolvida por mim. Um marketplace de emprego \u00e9 uma plataforma online que conecta empregadores e candidatos a emprego. Esse sistema permite que empresas postem vagas de emprego e os candidatos enviem suas candidaturas e curr\u00edculos diretamente para as empresas. <br \/>Para o usu\u00e1rio candidato, n\u00e3o h\u00e1 custo para fazer o cadastro e procurar vagas. J\u00e1 para o usu\u00e1rio empresa existem algumas modalidades de pre\u00e7o sendo uma padr\u00e3o e outra para ter posi\u00e7\u00e3o de destaque na plataforma. <br \/><br \/>O objetivo principal desses marketplaces \u00e9 simplificar o processo de contrata\u00e7\u00e3o, tornando mais f\u00e1cil para as empresas encontrar candidatos qualificados e para os candidatos encontrar oportunidades de emprego que atendam \u00e0s suas necessidades e habilidades.<\/p>\t\t\t\t\t\t<\/div>\n\t\t\t\t<\/div>\n\t\t\t\t<div class=\"elementor-element elementor-element-26ca11b elementor-hidden-desktop elementor-hidden-tablet exad-sticky-section-no exad-glass-effect-no elementor-widget elementor-widget-text-editor\" data-id=\"26ca11b\" data-element_type=\"widget\" data-widget_type=\"text-editor.default\">\n\t\t\t\t<div class=\"elementor-widget-container\">\n\t\t\t\t\t\t\t<p style=\"text-align: center;\">Plataforma desenvolvida por mim. Um marketplace de emprego \u00e9 uma plataforma online que conecta empregadores e candidatos a emprego. Esse sistema permite que empresas postem vagas de emprego e os candidatos enviem suas candidaturas e curr\u00edculos diretamente para as empresas.<\/p><p style=\"text-align: center;\">\u00a0 <br \/>Para o usu\u00e1rio candidato, n\u00e3o h\u00e1 custo para fazer o cadastro e procurar vagas. J\u00e1 para o usu\u00e1rio empresa existem algumas modalidades de pre\u00e7o sendo uma padr\u00e3o e outra para ter posi\u00e7\u00e3o de destaque na plataforma.<\/p><p style=\"text-align: center;\"><br \/><span style=\"color: var( --e-global-color-text ); text-align: var(--text-align); background-color: var( --e-global-color-d566714 ); letter-spacing: 0px;\">O objetivo principal desses marketplaces \u00e9 simplificar o processo de contrata\u00e7\u00e3o, tornando mais f\u00e1cil para as empresas encontrar candidatos qualificados e para os candidatos encontrar oportunidades de emprego que atendam \u00e0s suas necessidades e habilidades.<\/span><\/p>\t\t\t\t\t\t<\/div>\n\t\t\t\t<\/div>\n\t\t\t\t\t<\/div>\n\t\t\t\t<\/div>\n\t\t\t\t\t<\/div>\n\t\t\t\t<\/div>\n\t\t\t\t<\/div>\n\t\t","protected":false},"excerpt":{"rendered":"<p>ACESSAR DEMO MARKETPLACE DE EMPREGOS Usu\u00e1rios em busca de emprego encontram vagas de acordo com suas habilidades. Usu\u00e1rios empresas podem selecionar candidatos de acordo com as caracter\u00edsticas desejadas para preencher a vaga. Usu\u00e1rios em busca de emprego encontram vagas de acordo com suas habilidades. Usu\u00e1rios empresas podem selecionar candidatos de acordo com as caracter\u00edsticas desejadas [&hellip;]<\/p>\n","protected":false},"author":1,"featured_media":0,"parent":0,"menu_order":0,"comment_status":"closed","ping_status":"closed","template":"elementor_header_footer","meta":{"footnotes":""},"class_list":["post-965","page","type-page","status-publish","hentry"],"_links":{"self":[{"href":"https:\/\/diegosend.com\/index.php\/wp-json\/wp\/v2\/pages\/965","targetHints":{"allow":["GET"]}}],"collection":[{"href":"https:\/\/diegosend.com\/index.php\/wp-json\/wp\/v2\/pages"}],"about":[{"href":"https:\/\/diegosend.com\/index.php\/wp-json\/wp\/v2\/types\/page"}],"author":[{"embeddable":true,"href":"https:\/\/diegosend.com\/index.php\/wp-json\/wp\/v2\/users\/1"}],"replies":[{"embeddable":true,"href":"https:\/\/diegosend.com\/index.php\/wp-json\/wp\/v2\/comments?post=965"}],"version-history":[{"count":53,"href":"https:\/\/diegosend.com\/index.php\/wp-json\/wp\/v2\/pages\/965\/revisions"}],"predecessor-version":[{"id":1249,"href":"https:\/\/diegosend.com\/index.php\/wp-json\/wp\/v2\/pages\/965\/revisions\/1249"}],"wp:attachment":[{"href":"https:\/\/diegosend.com\/index.php\/wp-json\/wp\/v2\/media?parent=965"}],"curies":[{"name":"wp","href":"https:\/\/api.w.org\/{rel}","templated":true}]}}