{"id":925,"date":"2023-05-10T18:07:42","date_gmt":"2023-05-10T21:07:42","guid":{"rendered":"https:\/\/diegosend.com\/?page_id=925"},"modified":"2023-05-11T11:47:48","modified_gmt":"2023-05-11T14:47:48","slug":"chat-comercial","status":"publish","type":"page","link":"https:\/\/diegosend.com\/index.php\/chat-comercial\/","title":{"rendered":"Chat comercial"},"content":{"rendered":"\t\t<div data-elementor-type=\"wp-page\" data-elementor-id=\"925\" class=\"elementor elementor-925\">\n\t\t\t\t<div class=\"elementor-element elementor-element-306056f e-flex e-con-boxed e-con e-parent\" data-id=\"306056f\" data-element_type=\"container\" data-settings=\"{&quot;background_background&quot;:&quot;classic&quot;}\">\n\t\t\t\t\t<div class=\"e-con-inner\">\n\t\t<div class=\"elementor-element elementor-element-98936f4 e-flex e-con-boxed e-con e-parent\" data-id=\"98936f4\" data-element_type=\"container\">\n\t\t\t\t\t<div class=\"e-con-inner\">\n\t\t<div class=\"elementor-element elementor-element-fcde8c2 e-con-full e-flex e-con e-parent\" data-id=\"fcde8c2\" data-element_type=\"container\">\n\t\t\t\t<div class=\"elementor-element elementor-element-6683920 elementor-widget__width-initial elementor-hidden-mobile exad-sticky-section-no exad-glass-effect-no elementor-widget elementor-widget-image\" data-id=\"6683920\" data-element_type=\"widget\" data-widget_type=\"image.default\">\n\t\t\t\t<div class=\"elementor-widget-container\">\n\t\t\t\t\t\t\t\t\t\t\t\t\t\t<a href=\"http:\/\/diegosend.com\/wp-content\/uploads\/2023\/05\/20-.png\" data-elementor-open-lightbox=\"yes\" data-elementor-lightbox-title=\"Responsivo\" data-e-action-hash=\"#elementor-action%3Aaction%3Dlightbox%26settings%3DeyJpZCI6MjQxLCJ1cmwiOiJodHRwczpcL1wvZGllZ29zZW5kLmNvbVwvd3AtY29udGVudFwvdXBsb2Fkc1wvMjAyM1wvMDVcLzIwLS5wbmcifQ%3D%3D\">\n\t\t\t\t\t\t\t<img fetchpriority=\"high\" decoding=\"async\" width=\"1800\" height=\"1440\" src=\"https:\/\/diegosend.com\/wp-content\/uploads\/2023\/05\/20-.png\" class=\"attachment-full size-full wp-image-241\" alt=\"\" srcset=\"https:\/\/diegosend.com\/wp-content\/uploads\/2023\/05\/20-.png 1800w, https:\/\/diegosend.com\/wp-content\/uploads\/2023\/05\/20--300x240.png 300w, https:\/\/diegosend.com\/wp-content\/uploads\/2023\/05\/20--1024x819.png 1024w, https:\/\/diegosend.com\/wp-content\/uploads\/2023\/05\/20--768x614.png 768w, https:\/\/diegosend.com\/wp-content\/uploads\/2023\/05\/20--1536x1229.png 1536w, https:\/\/diegosend.com\/wp-content\/uploads\/2023\/05\/20--600x480.png 600w\" sizes=\"(max-width: 1800px) 100vw, 1800px\" \/>\t\t\t\t\t\t\t\t<\/a>\n\t\t\t\t\t\t\t\t\t\t\t\t\t<\/div>\n\t\t\t\t<\/div>\n\t\t\t\t<div class=\"elementor-element elementor-element-4157fdb elementor-widget__width-initial elementor-hidden-mobile exad-sticky-section-no exad-glass-effect-no elementor-widget elementor-widget-image-gallery\" data-id=\"4157fdb\" data-element_type=\"widget\" data-widget_type=\"image-gallery.default\">\n\t\t\t\t<div class=\"elementor-widget-container\">\n\t\t\t\t\t<div class=\"elementor-image-gallery\">\n\t\t\t<div id='gallery-1' class='gallery galleryid-925 gallery-columns-3 gallery-size-thumbnail'><figure class='gallery-item'>\n\t\t\t<div class='gallery-icon landscape'>\n\t\t\t\t<a data-elementor-open-lightbox=\"yes\" data-elementor-lightbox-slideshow=\"4157fdb\" data-elementor-lightbox-title=\"Responsivo\" data-e-action-hash=\"#elementor-action%3Aaction%3Dlightbox%26settings%3DeyJpZCI6MjQxLCJ1cmwiOiJodHRwczpcL1wvZGllZ29zZW5kLmNvbVwvd3AtY29udGVudFwvdXBsb2Fkc1wvMjAyM1wvMDVcLzIwLS5wbmciLCJzbGlkZXNob3ciOiI0MTU3ZmRiIn0%3D\" href='https:\/\/diegosend.com\/wp-content\/uploads\/2023\/05\/20-.png'><img decoding=\"async\" width=\"150\" height=\"150\" src=\"https:\/\/diegosend.com\/wp-content\/uploads\/2023\/05\/20--150x150.png\" class=\"attachment-thumbnail size-thumbnail\" alt=\"\" srcset=\"https:\/\/diegosend.com\/wp-content\/uploads\/2023\/05\/20--150x150.png 150w, https:\/\/diegosend.com\/wp-content\/uploads\/2023\/05\/20--230x230.png 230w, https:\/\/diegosend.com\/wp-content\/uploads\/2023\/05\/20--400x400.png 400w, https:\/\/diegosend.com\/wp-content\/uploads\/2023\/05\/20--640x640.png 640w\" sizes=\"(max-width: 150px) 100vw, 150px\" \/><\/a>\n\t\t\t<\/div><\/figure><figure class='gallery-item'>\n\t\t\t<div class='gallery-icon landscape'>\n\t\t\t\t<a data-elementor-open-lightbox=\"yes\" data-elementor-lightbox-slideshow=\"4157fdb\" data-elementor-lightbox-title=\"Tablet\" data-e-action-hash=\"#elementor-action%3Aaction%3Dlightbox%26settings%3DeyJpZCI6MjQyLCJ1cmwiOiJodHRwczpcL1wvZGllZ29zZW5kLmNvbVwvd3AtY29udGVudFwvdXBsb2Fkc1wvMjAyM1wvMDVcLzIzLVRhYmxldC5qcGciLCJzbGlkZXNob3ciOiI0MTU3ZmRiIn0%3D\" href='https:\/\/diegosend.com\/wp-content\/uploads\/2023\/05\/23-Tablet.jpg'><img decoding=\"async\" width=\"150\" height=\"150\" src=\"https:\/\/diegosend.com\/wp-content\/uploads\/2023\/05\/23-Tablet-150x150.jpg\" class=\"attachment-thumbnail size-thumbnail\" alt=\"\" srcset=\"https:\/\/diegosend.com\/wp-content\/uploads\/2023\/05\/23-Tablet-150x150.jpg 150w, https:\/\/diegosend.com\/wp-content\/uploads\/2023\/05\/23-Tablet-230x230.jpg 230w, https:\/\/diegosend.com\/wp-content\/uploads\/2023\/05\/23-Tablet-400x400.jpg 400w, https:\/\/diegosend.com\/wp-content\/uploads\/2023\/05\/23-Tablet-640x640.jpg 640w\" sizes=\"(max-width: 150px) 100vw, 150px\" \/><\/a>\n\t\t\t<\/div><\/figure><figure class='gallery-item'>\n\t\t\t<div class='gallery-icon landscape'>\n\t\t\t\t<a data-elementor-open-lightbox=\"yes\" data-elementor-lightbox-slideshow=\"4157fdb\" data-elementor-lightbox-title=\"Laptop\" data-e-action-hash=\"#elementor-action%3Aaction%3Dlightbox%26settings%3DeyJpZCI6MjQzLCJ1cmwiOiJodHRwczpcL1wvZGllZ29zZW5kLmNvbVwvd3AtY29udGVudFwvdXBsb2Fkc1wvMjAyM1wvMDVcLzI0LmpwZyIsInNsaWRlc2hvdyI6IjQxNTdmZGIifQ%3D%3D\" href='https:\/\/diegosend.com\/wp-content\/uploads\/2023\/05\/24.jpg'><img loading=\"lazy\" decoding=\"async\" width=\"150\" height=\"150\" src=\"https:\/\/diegosend.com\/wp-content\/uploads\/2023\/05\/24-150x150.jpg\" class=\"attachment-thumbnail size-thumbnail\" alt=\"\" srcset=\"https:\/\/diegosend.com\/wp-content\/uploads\/2023\/05\/24-150x150.jpg 150w, https:\/\/diegosend.com\/wp-content\/uploads\/2023\/05\/24-230x230.jpg 230w, https:\/\/diegosend.com\/wp-content\/uploads\/2023\/05\/24-400x400.jpg 400w, https:\/\/diegosend.com\/wp-content\/uploads\/2023\/05\/24-640x640.jpg 640w\" sizes=\"(max-width: 150px) 100vw, 150px\" \/><\/a>\n\t\t\t<\/div><\/figure>\n\t\t<\/div>\n\t\t<\/div>\n\t\t\t\t<\/div>\n\t\t\t\t<\/div>\n\t\t\t\t<div class=\"elementor-element elementor-element-0df8bc5 elementor-widget__width-initial elementor-hidden-desktop elementor-hidden-tablet gallery-spacing-custom exad-sticky-section-no exad-glass-effect-no elementor-widget elementor-widget-image-gallery\" data-id=\"0df8bc5\" data-element_type=\"widget\" data-widget_type=\"image-gallery.default\">\n\t\t\t\t<div class=\"elementor-widget-container\">\n\t\t\t\t\t<div class=\"elementor-image-gallery\">\n\t\t\t<div id='gallery-2' class='gallery galleryid-925 gallery-columns-1 gallery-size-thumbnail'><figure class='gallery-item'>\n\t\t\t<div class='gallery-icon landscape'>\n\t\t\t\t<a data-elementor-open-lightbox=\"yes\" data-elementor-lightbox-slideshow=\"0df8bc5\" data-elementor-lightbox-title=\"Responsivo\" data-e-action-hash=\"#elementor-action%3Aaction%3Dlightbox%26settings%3DeyJpZCI6MjQxLCJ1cmwiOiJodHRwczpcL1wvZGllZ29zZW5kLmNvbVwvd3AtY29udGVudFwvdXBsb2Fkc1wvMjAyM1wvMDVcLzIwLS5wbmciLCJzbGlkZXNob3ciOiIwZGY4YmM1In0%3D\" href='https:\/\/diegosend.com\/wp-content\/uploads\/2023\/05\/20-.png'><img decoding=\"async\" width=\"150\" height=\"150\" src=\"https:\/\/diegosend.com\/wp-content\/uploads\/2023\/05\/20--150x150.png\" class=\"attachment-thumbnail size-thumbnail\" alt=\"\" srcset=\"https:\/\/diegosend.com\/wp-content\/uploads\/2023\/05\/20--150x150.png 150w, https:\/\/diegosend.com\/wp-content\/uploads\/2023\/05\/20--230x230.png 230w, https:\/\/diegosend.com\/wp-content\/uploads\/2023\/05\/20--400x400.png 400w, https:\/\/diegosend.com\/wp-content\/uploads\/2023\/05\/20--640x640.png 640w\" sizes=\"(max-width: 150px) 100vw, 150px\" \/><\/a>\n\t\t\t<\/div><\/figure><figure class='gallery-item'>\n\t\t\t<div class='gallery-icon landscape'>\n\t\t\t\t<a data-elementor-open-lightbox=\"yes\" data-elementor-lightbox-slideshow=\"0df8bc5\" data-elementor-lightbox-title=\"Tablet\" data-e-action-hash=\"#elementor-action%3Aaction%3Dlightbox%26settings%3DeyJpZCI6MjQyLCJ1cmwiOiJodHRwczpcL1wvZGllZ29zZW5kLmNvbVwvd3AtY29udGVudFwvdXBsb2Fkc1wvMjAyM1wvMDVcLzIzLVRhYmxldC5qcGciLCJzbGlkZXNob3ciOiIwZGY4YmM1In0%3D\" href='https:\/\/diegosend.com\/wp-content\/uploads\/2023\/05\/23-Tablet.jpg'><img decoding=\"async\" width=\"150\" height=\"150\" src=\"https:\/\/diegosend.com\/wp-content\/uploads\/2023\/05\/23-Tablet-150x150.jpg\" class=\"attachment-thumbnail size-thumbnail\" alt=\"\" srcset=\"https:\/\/diegosend.com\/wp-content\/uploads\/2023\/05\/23-Tablet-150x150.jpg 150w, https:\/\/diegosend.com\/wp-content\/uploads\/2023\/05\/23-Tablet-230x230.jpg 230w, https:\/\/diegosend.com\/wp-content\/uploads\/2023\/05\/23-Tablet-400x400.jpg 400w, https:\/\/diegosend.com\/wp-content\/uploads\/2023\/05\/23-Tablet-640x640.jpg 640w\" sizes=\"(max-width: 150px) 100vw, 150px\" \/><\/a>\n\t\t\t<\/div><\/figure><figure class='gallery-item'>\n\t\t\t<div class='gallery-icon landscape'>\n\t\t\t\t<a data-elementor-open-lightbox=\"yes\" data-elementor-lightbox-slideshow=\"0df8bc5\" data-elementor-lightbox-title=\"Laptop\" data-e-action-hash=\"#elementor-action%3Aaction%3Dlightbox%26settings%3DeyJpZCI6MjQzLCJ1cmwiOiJodHRwczpcL1wvZGllZ29zZW5kLmNvbVwvd3AtY29udGVudFwvdXBsb2Fkc1wvMjAyM1wvMDVcLzI0LmpwZyIsInNsaWRlc2hvdyI6IjBkZjhiYzUifQ%3D%3D\" href='https:\/\/diegosend.com\/wp-content\/uploads\/2023\/05\/24.jpg'><img loading=\"lazy\" decoding=\"async\" width=\"150\" height=\"150\" src=\"https:\/\/diegosend.com\/wp-content\/uploads\/2023\/05\/24-150x150.jpg\" class=\"attachment-thumbnail size-thumbnail\" alt=\"\" srcset=\"https:\/\/diegosend.com\/wp-content\/uploads\/2023\/05\/24-150x150.jpg 150w, https:\/\/diegosend.com\/wp-content\/uploads\/2023\/05\/24-230x230.jpg 230w, https:\/\/diegosend.com\/wp-content\/uploads\/2023\/05\/24-400x400.jpg 400w, https:\/\/diegosend.com\/wp-content\/uploads\/2023\/05\/24-640x640.jpg 640w\" sizes=\"(max-width: 150px) 100vw, 150px\" \/><\/a>\n\t\t\t<\/div><\/figure>\n\t\t<\/div>\n\t\t<\/div>\n\t\t\t\t<\/div>\n\t\t\t\t<\/div>\n\t\t\t\t<div class=\"elementor-element elementor-element-03f2011 elementor-align-center e-transform exad-sticky-section-no exad-glass-effect-no elementor-widget elementor-widget-button\" data-id=\"03f2011\" data-element_type=\"widget\" data-settings=\"{&quot;_transform_scale_effect_hover&quot;:{&quot;unit&quot;:&quot;px&quot;,&quot;size&quot;:1.1,&quot;sizes&quot;:[]},&quot;_transform_scale_effect_hover_tablet&quot;:{&quot;unit&quot;:&quot;px&quot;,&quot;size&quot;:&quot;&quot;,&quot;sizes&quot;:[]},&quot;_transform_scale_effect_hover_mobile&quot;:{&quot;unit&quot;:&quot;px&quot;,&quot;size&quot;:&quot;&quot;,&quot;sizes&quot;:[]}}\" data-widget_type=\"button.default\">\n\t\t\t\t<div class=\"elementor-widget-container\">\n\t\t\t\t\t\t\t<div class=\"elementor-button-wrapper\">\n\t\t\t\t\t<a class=\"elementor-button elementor-button-link elementor-size-xs\" href=\"https:\/\/seedrm.bubbleapps.io\/version-test\" target=\"_blank\">\n\t\t\t\t\t\t<span class=\"elementor-button-content-wrapper\">\n\t\t\t\t\t\t\t\t\t<span class=\"elementor-button-text\">ACESSAR DEMO<\/span>\n\t\t\t\t\t<\/span>\n\t\t\t\t\t<\/a>\n\t\t\t\t<\/div>\n\t\t\t\t\t\t<\/div>\n\t\t\t\t<\/div>\n\t\t\t\t<\/div>\n\t\t<div class=\"elementor-element elementor-element-d948732 e-flex e-con-boxed e-con e-parent\" data-id=\"d948732\" data-element_type=\"container\">\n\t\t\t\t\t<div class=\"e-con-inner\">\n\t\t\t\t<div class=\"elementor-element elementor-element-1c5a3b9 exad-sticky-section-no exad-glass-effect-no elementor-widget elementor-widget-heading\" data-id=\"1c5a3b9\" data-element_type=\"widget\" data-widget_type=\"heading.default\">\n\t\t\t\t<div class=\"elementor-widget-container\">\n\t\t\t<h2 class=\"elementor-heading-title elementor-size-default\">CHAT COMERCIAL<\/h2>\t\t<\/div>\n\t\t\t\t<\/div>\n\t\t\t\t<div class=\"elementor-element elementor-element-eb95aa5 elementor-hidden-mobile exad-sticky-section-no exad-glass-effect-no elementor-widget elementor-widget-text-editor\" data-id=\"eb95aa5\" data-element_type=\"widget\" data-widget_type=\"text-editor.default\">\n\t\t\t\t<div class=\"elementor-widget-container\">\n\t\t\t\t\t\t\t<p style=\"text-align: left;\">Chat comercial para ser utilizado no setor de distribui\u00e7\u00e3o de alimentos. Fun\u00e7\u00f5es como cat\u00e1logo, produtos favoritos do usu\u00e1rio e capta\u00e7\u00e3o de dados s\u00e3o algumas das caracter\u00edsticas.<\/p>\t\t\t\t\t\t<\/div>\n\t\t\t\t<\/div>\n\t\t\t\t<div class=\"elementor-element elementor-element-171b05c elementor-hidden-desktop elementor-hidden-tablet exad-sticky-section-no exad-glass-effect-no elementor-widget elementor-widget-text-editor\" data-id=\"171b05c\" data-element_type=\"widget\" data-widget_type=\"text-editor.default\">\n\t\t\t\t<div class=\"elementor-widget-container\">\n\t\t\t\t\t\t\t<p style=\"text-align: center;\">Chat comercial para ser utilizado no setor de distribui\u00e7\u00e3o de alimentos. Fun\u00e7\u00f5es como cat\u00e1logo, produtos favoritos do usu\u00e1rio e capta\u00e7\u00e3o de dados s\u00e3o algumas das caracter\u00edsticas.<\/p>\t\t\t\t\t\t<\/div>\n\t\t\t\t<\/div>\n\t\t<div class=\"elementor-element elementor-element-5234295 e-flex e-con-boxed e-con e-parent\" data-id=\"5234295\" data-element_type=\"container\">\n\t\t\t\t\t<div class=\"e-con-inner\">\n\t\t\t\t<div class=\"elementor-element elementor-element-8c595b9 elementor-widget__width-initial elementor-widget-mobile__width-initial elementor-widget-tablet__width-initial exad-sticky-section-no exad-glass-effect-no elementor-widget elementor-widget-heading\" data-id=\"8c595b9\" data-element_type=\"widget\" data-widget_type=\"heading.default\">\n\t\t\t\t<div class=\"elementor-widget-container\">\n\t\t\t<h2 class=\"elementor-heading-title elementor-size-default\">Chat<\/h2>\t\t<\/div>\n\t\t\t\t<\/div>\n\t\t\t\t<div class=\"elementor-element elementor-element-4d5ced2 elementor-widget__width-initial elementor-widget-mobile__width-initial elementor-widget-tablet__width-initial exad-sticky-section-no exad-glass-effect-no elementor-widget elementor-widget-heading\" data-id=\"4d5ced2\" data-element_type=\"widget\" data-widget_type=\"heading.default\">\n\t\t\t\t<div class=\"elementor-widget-container\">\n\t\t\t<h2 class=\"elementor-heading-title elementor-size-default\">Cat\u00e1logo<\/h2>\t\t<\/div>\n\t\t\t\t<\/div>\n\t\t\t\t<div class=\"elementor-element elementor-element-1f3a67b elementor-widget__width-initial elementor-widget-mobile__width-initial elementor-widget-tablet__width-initial exad-sticky-section-no exad-glass-effect-no elementor-widget elementor-widget-heading\" data-id=\"1f3a67b\" data-element_type=\"widget\" data-widget_type=\"heading.default\">\n\t\t\t\t<div class=\"elementor-widget-container\">\n\t\t\t<h2 class=\"elementor-heading-title elementor-size-default\">Seguran\u00e7a de Dados<\/h2>\t\t<\/div>\n\t\t\t\t<\/div>\n\t\t\t\t<div class=\"elementor-element elementor-element-9c0e059 elementor-widget__width-initial elementor-widget-mobile__width-initial elementor-widget-tablet__width-initial exad-sticky-section-no exad-glass-effect-no elementor-widget elementor-widget-heading\" data-id=\"9c0e059\" data-element_type=\"widget\" data-widget_type=\"heading.default\">\n\t\t\t\t<div class=\"elementor-widget-container\">\n\t\t\t<h2 class=\"elementor-heading-title elementor-size-default\">Coleta de dados<\/h2>\t\t<\/div>\n\t\t\t\t<\/div>\n\t\t\t\t<div class=\"elementor-element elementor-element-762453e elementor-widget__width-initial elementor-widget-mobile__width-initial elementor-widget-tablet__width-initial exad-sticky-section-no exad-glass-effect-no elementor-widget elementor-widget-heading\" data-id=\"762453e\" data-element_type=\"widget\" data-widget_type=\"heading.default\">\n\t\t\t\t<div class=\"elementor-widget-container\">\n\t\t\t<h2 class=\"elementor-heading-title elementor-size-default\">Responsividade<\/h2>\t\t<\/div>\n\t\t\t\t<\/div>\n\t\t\t\t\t<\/div>\n\t\t\t\t<\/div>\n\t\t\t\t<div class=\"elementor-element elementor-element-518e66d elementor-hidden-mobile exad-sticky-section-no exad-glass-effect-no elementor-widget elementor-widget-text-editor\" data-id=\"518e66d\" data-element_type=\"widget\" data-widget_type=\"text-editor.default\">\n\t\t\t\t<div class=\"elementor-widget-container\">\n\t\t\t\t\t\t\t<p>Todo o sistema foi desenvolvido por mim. Consiste num chat direcionado para o setor de distribui\u00e7\u00e3o de alimentos. <br \/>Uma caracter\u00edstica comum desse ramo \u00e9 o uso do Whatsapp para a comunica\u00e7\u00e3o entre os vendedores das distribuidoras de alimentos e os clientes. <br \/>Apesar de funcionar muito bem como comunicador, o Whatsapp n\u00e3o foi desenvolvido para aprimorar as vendas. <br \/><br \/>Atendendo as necessidades do setor, al\u00e9m de proporcionar o chat como de costume, \u00e9 poss\u00edvel o distribuidor inserir seu cat\u00e1logo e cada usu\u00e1rio, tanto vendedor como o cliente, favoritar itens para facilitar no dia a dia. <br \/><br \/>Outra fun\u00e7\u00e3o com potencial do sistema \u00e9 o gerenciamento de dados para melhorar as vendas. \u00c9 comum a negocia\u00e7\u00e3o de pre\u00e7o antes de fechar uma venda. Ent\u00e3o todo movimento \u00e9 registrado para identificar qual o caminho do in\u00edcio do contato entre o vendedor e o cliente, at\u00e9 o fechamento da venda. Por exemplo: se o pedido do produto foi feito atrav\u00e9s da iniciativa do cliente ser\u00e1 registrado ou ent\u00e3o se a iniciativa da venda foi feita a partir de uma sugest\u00e3o do vendedor, tamb\u00e9m ser\u00e1 registrado. <br \/><br \/>Desta forma ser\u00e1 poss\u00edvel o gerente da empresa monitorar qual o caminho foi feito para cada venda e ent\u00e3o ajudar nos ajustes necess\u00e1rios da equipe de vendas.<\/p>\t\t\t\t\t\t<\/div>\n\t\t\t\t<\/div>\n\t\t\t\t<div class=\"elementor-element elementor-element-5477cf9 elementor-hidden-desktop elementor-hidden-tablet exad-sticky-section-no exad-glass-effect-no elementor-widget elementor-widget-text-editor\" data-id=\"5477cf9\" data-element_type=\"widget\" data-widget_type=\"text-editor.default\">\n\t\t\t\t<div class=\"elementor-widget-container\">\n\t\t\t\t\t\t\t<p style=\"text-align: center;\">Todo o sistema foi desenvolvido por mim. Consiste num chat direcionado para o setor de distribui\u00e7\u00e3o de alimentos. <br \/>Uma caracter\u00edstica comum desse ramo \u00e9 o uso do Whatsapp para a comunica\u00e7\u00e3o entre os vendedores das distribuidoras de alimentos e os clientes. <br \/>Apesar de funcionar muito bem como comunicador, o Whatsapp n\u00e3o foi desenvolvido para aprimorar as vendas.<\/p><p style=\"text-align: center;\"><span style=\"color: var( --e-global-color-text ); text-align: var(--text-align); background-color: var( --e-global-color-d566714 ); letter-spacing: 0px;\">Atendendo as necessidades do setor, al\u00e9m de proporcionar o chat como de costume, \u00e9 poss\u00edvel o distribuidor inserir seu cat\u00e1logo e cada usu\u00e1rio, tanto vendedor como o cliente, favoritar itens para facilitar no dia a dia.<br \/><\/span><span style=\"color: var( --e-global-color-text ); text-align: var(--text-align); background-color: var( --e-global-color-d566714 ); letter-spacing: 0px;\"><br \/><\/span><\/p><p style=\"text-align: center;\"><span style=\"color: var( --e-global-color-text ); text-align: var(--text-align); background-color: var( --e-global-color-d566714 ); letter-spacing: 0px;\">Outra fun\u00e7\u00e3o com potencial do sistema \u00e9 o gerenciamento de dados para melhorar as vendas. \u00c9 comum a negocia\u00e7\u00e3o de pre\u00e7o antes de fechar uma venda. Ent\u00e3o todo movimento \u00e9 registrado para identificar qual o caminho do in\u00edcio do contato entre o vendedor e o cliente, at\u00e9 o fechamento da venda. Por exemplo: se o pedido do produto foi feito atrav\u00e9s da iniciativa do cliente ser\u00e1 registrado ou ent\u00e3o se a iniciativa da venda foi feita a partir de uma sugest\u00e3o do vendedor, tamb\u00e9m ser\u00e1 registrado.<\/span><\/p><p style=\"text-align: center;\"><span style=\"color: var( --e-global-color-text ); text-align: var(--text-align); background-color: var( --e-global-color-d566714 ); letter-spacing: 0px;\">Desta forma ser\u00e1 poss\u00edvel o gerente da empresa monitorar qual o caminho foi feito para cada venda e ent\u00e3o ajudar nos ajustes necess\u00e1rios da equipe de vendas.<\/span><\/p>\t\t\t\t\t\t<\/div>\n\t\t\t\t<\/div>\n\t\t\t\t\t<\/div>\n\t\t\t\t<\/div>\n\t\t\t\t\t<\/div>\n\t\t\t\t<\/div>\n\t\t\t\t\t<\/div>\n\t\t\t\t<\/div>\n\t\t\t\t<\/div>\n\t\t","protected":false},"excerpt":{"rendered":"<p>ACESSAR DEMO CHAT COMERCIAL Chat comercial para ser utilizado no setor de distribui\u00e7\u00e3o de alimentos. Fun\u00e7\u00f5es como cat\u00e1logo, produtos favoritos do usu\u00e1rio e capta\u00e7\u00e3o de dados s\u00e3o algumas das caracter\u00edsticas. Chat comercial para ser utilizado no setor de distribui\u00e7\u00e3o de alimentos. Fun\u00e7\u00f5es como cat\u00e1logo, produtos favoritos do usu\u00e1rio e capta\u00e7\u00e3o de dados s\u00e3o algumas das [&hellip;]<\/p>\n","protected":false},"author":1,"featured_media":0,"parent":0,"menu_order":0,"comment_status":"closed","ping_status":"closed","template":"elementor_header_footer","meta":{"footnotes":""},"class_list":["post-925","page","type-page","status-publish","hentry"],"_links":{"self":[{"href":"https:\/\/diegosend.com\/index.php\/wp-json\/wp\/v2\/pages\/925","targetHints":{"allow":["GET"]}}],"collection":[{"href":"https:\/\/diegosend.com\/index.php\/wp-json\/wp\/v2\/pages"}],"about":[{"href":"https:\/\/diegosend.com\/index.php\/wp-json\/wp\/v2\/types\/page"}],"author":[{"embeddable":true,"href":"https:\/\/diegosend.com\/index.php\/wp-json\/wp\/v2\/users\/1"}],"replies":[{"embeddable":true,"href":"https:\/\/diegosend.com\/index.php\/wp-json\/wp\/v2\/comments?post=925"}],"version-history":[{"count":40,"href":"https:\/\/diegosend.com\/index.php\/wp-json\/wp\/v2\/pages\/925\/revisions"}],"predecessor-version":[{"id":1261,"href":"https:\/\/diegosend.com\/index.php\/wp-json\/wp\/v2\/pages\/925\/revisions\/1261"}],"wp:attachment":[{"href":"https:\/\/diegosend.com\/index.php\/wp-json\/wp\/v2\/media?parent=925"}],"curies":[{"name":"wp","href":"https:\/\/api.w.org\/{rel}","templated":true}]}}